{"id":5727,"date":"2024-08-27T20:04:45","date_gmt":"2024-08-27T18:04:45","guid":{"rendered":"https:\/\/parafia-osieczna.pl\/?page_id=5727"},"modified":"2024-08-27T20:04:46","modified_gmt":"2024-08-27T18:04:46","slug":"osoba-pierwszego-kontaktu","status":"publish","type":"page","link":"https:\/\/parafia-osieczna.pl\/?page_id=5727","title":{"rendered":"OSOBA PIERWSZEGO KONTAKTU"},"content":{"rendered":"\n<p>Od czerwca 2020 roku obowi\u0105zuj\u0105 w naszej diecezji wytyczne dotycz\u0105ce ochrony dzieci i m\u0142odzie\u017cy. Jednym z element\u00f3w budowania systemu prewencji jest powo\u0142anie w ka\u017cdej parafii, szkole katolickiej czy innej instytucji ko\u015bcielnej tzw. osoby pierwszego kontaktu. W przypadku zauwa\u017cania sygna\u0142\u00f3w krzywdzenia dziecka w \u015brodowisku ko\u015bcielnym \u2013poza obowi\u0105zkami wynikaj\u0105cymi z prawa pa\u0144stwowego \u2013 nale\u017cy powiadomi\u0107 Delegata Biskupa Pelpli\u0144skiego ds. Ochrony Dzieci i M\u0142odzie\u017cy lub zwr\u00f3ci\u0107 si\u0119 do osoby pierwszego kontaktu.<\/p>\n\n\n\n<p>Zgodnie z art. II A pkt. 1 \u201eWytycznych dotycz\u0105cych ochrony dzieci i m\u0142odzie\u017cy w diecezji pelpli\u0144skiej\u201d osob\u0119 pierwszego kontaktu w naszej parafii pe\u0142ni pani {Imi\u0119 i nazwisko}.<\/p>\n\n\n\n<p><strong>Kontakt:<\/strong>\u00a0{email}<\/p>\n","protected":false},"excerpt":{"rendered":"<p>Od czerwca 2020 roku obowi\u0105zuj\u0105 w naszej diecezji wytyczne dotycz\u0105ce ochrony dzieci i m\u0142odzie\u017cy. Jednym z element\u00f3w budowania systemu prewencji jest powo\u0142anie w ka\u017cdej parafii, szkole katolickiej czy innej instytucji ko\u015bcielnej tzw. osoby pierwszego kontaktu. W przypadku zauwa\u017cania sygna\u0142\u00f3w krzywdzenia dziecka w \u015brodowisku ko\u015bcielnym \u2013poza obowi\u0105zkami wynikaj\u0105cymi z prawa pa\u0144stwowego \u2013 nale\u017cy powiadomi\u0107 Delegata Biskupa [&hellip;]<\/p>\n","protected":false},"author":3,"featured_media":0,"parent":0,"menu_order":0,"comment_status":"closed","ping_status":"closed","template":"","meta":{"footnotes":""},"class_list":["post-5727","page","type-page","status-publish","hentry"],"yoast_head":"<!-- This site is optimized with the Yoast SEO plugin v19.7.1 - https:\/\/yoast.com\/wordpress\/plugins\/seo\/ -->\n<title>OSOBA PIERWSZEGO KONTAKTU - Parafia Niepokalanego Pocz\u0119cia Naj\u015bwi\u0119tszej Maryi Panny w Osiecznej<\/title>\n<meta name=\"robots\" content=\"index, follow, max-snippet:-1, max-image-preview:large, max-video-preview:-1\" \/>\n<link rel=\"canonical\" href=\"https:\/\/parafia-osieczna.pl\/?page_id=5727\" \/>\n<meta property=\"og:locale\" content=\"pl_PL\" \/>\n<meta property=\"og:type\" content=\"article\" \/>\n<meta property=\"og:title\" content=\"OSOBA PIERWSZEGO KONTAKTU - Parafia Niepokalanego Pocz\u0119cia Naj\u015bwi\u0119tszej Maryi Panny w Osiecznej\" \/>\n<meta property=\"og:description\" content=\"Od czerwca 2020 roku obowi\u0105zuj\u0105 w naszej diecezji wytyczne dotycz\u0105ce ochrony dzieci i m\u0142odzie\u017cy. Jednym z element\u00f3w budowania systemu prewencji jest powo\u0142anie w ka\u017cdej parafii, szkole katolickiej czy innej instytucji ko\u015bcielnej tzw. osoby pierwszego kontaktu. W przypadku zauwa\u017cania sygna\u0142\u00f3w krzywdzenia dziecka w \u015brodowisku ko\u015bcielnym \u2013poza obowi\u0105zkami wynikaj\u0105cymi z prawa pa\u0144stwowego \u2013 nale\u017cy powiadomi\u0107 Delegata Biskupa [&hellip;]\" \/>\n<meta property=\"og:url\" content=\"https:\/\/parafia-osieczna.pl\/?page_id=5727\" \/>\n<meta property=\"og:site_name\" content=\"Parafia Niepokalanego Pocz\u0119cia Naj\u015bwi\u0119tszej Maryi Panny w Osiecznej\" \/>\n<meta property=\"article:modified_time\" content=\"2024-08-27T18:04:46+00:00\" \/>\n<meta name=\"twitter:card\" content=\"summary_large_image\" \/>\n<meta name=\"twitter:label1\" content=\"Szacowany czas czytania\" \/>\n\t<meta name=\"twitter:data1\" content=\"1 minuta\" \/>\n<script type=\"application\/ld+json\" class=\"yoast-schema-graph\">{\"@context\":\"https:\/\/schema.org\",\"@graph\":[{\"@type\":\"WebPage\",\"@id\":\"https:\/\/parafia-osieczna.pl\/?page_id=5727\",\"url\":\"https:\/\/parafia-osieczna.pl\/?page_id=5727\",\"name\":\"OSOBA PIERWSZEGO KONTAKTU - Parafia Niepokalanego Pocz\u0119cia Naj\u015bwi\u0119tszej Maryi Panny w Osiecznej\",\"isPartOf\":{\"@id\":\"https:\/\/parafia-osieczna.pl\/#website\"},\"datePublished\":\"2024-08-27T18:04:45+00:00\",\"dateModified\":\"2024-08-27T18:04:46+00:00\",\"breadcrumb\":{\"@id\":\"https:\/\/parafia-osieczna.pl\/?page_id=5727#breadcrumb\"},\"inLanguage\":\"pl-PL\",\"potentialAction\":[{\"@type\":\"ReadAction\",\"target\":[\"https:\/\/parafia-osieczna.pl\/?page_id=5727\"]}]},{\"@type\":\"BreadcrumbList\",\"@id\":\"https:\/\/parafia-osieczna.pl\/?page_id=5727#breadcrumb\",\"itemListElement\":[{\"@type\":\"ListItem\",\"position\":1,\"name\":\"Strona g\u0142\u00f3wna\",\"item\":\"https:\/\/parafia-osieczna.pl\/?page_id=206\"},{\"@type\":\"ListItem\",\"position\":2,\"name\":\"OSOBA PIERWSZEGO KONTAKTU\"}]},{\"@type\":\"WebSite\",\"@id\":\"https:\/\/parafia-osieczna.pl\/#website\",\"url\":\"https:\/\/parafia-osieczna.pl\/\",\"name\":\"Parafia Niepokalanego Pocz\u0119cia Naj\u015bwi\u0119tszej Maryi Panny w Osiecznej\",\"description\":\"\",\"potentialAction\":[{\"@type\":\"SearchAction\",\"target\":{\"@type\":\"EntryPoint\",\"urlTemplate\":\"https:\/\/parafia-osieczna.pl\/?s={search_term_string}\"},\"query-input\":\"required name=search_term_string\"}],\"inLanguage\":\"pl-PL\"}]}<\/script>\n<!-- \/ Yoast SEO plugin. -->","yoast_head_json":{"title":"OSOBA PIERWSZEGO KONTAKTU - Parafia Niepokalanego Pocz\u0119cia Naj\u015bwi\u0119tszej Maryi Panny w Osiecznej","robots":{"index":"index","follow":"follow","max-snippet":"max-snippet:-1","max-image-preview":"max-image-preview:large","max-video-preview":"max-video-preview:-1"},"canonical":"https:\/\/parafia-osieczna.pl\/?page_id=5727","og_locale":"pl_PL","og_type":"article","og_title":"OSOBA PIERWSZEGO KONTAKTU - Parafia Niepokalanego Pocz\u0119cia Naj\u015bwi\u0119tszej Maryi Panny w Osiecznej","og_description":"Od czerwca 2020 roku obowi\u0105zuj\u0105 w naszej diecezji wytyczne dotycz\u0105ce ochrony dzieci i m\u0142odzie\u017cy. Jednym z element\u00f3w budowania systemu prewencji jest powo\u0142anie w ka\u017cdej parafii, szkole katolickiej czy innej instytucji ko\u015bcielnej tzw. osoby pierwszego kontaktu. W przypadku zauwa\u017cania sygna\u0142\u00f3w krzywdzenia dziecka w \u015brodowisku ko\u015bcielnym \u2013poza obowi\u0105zkami wynikaj\u0105cymi z prawa pa\u0144stwowego \u2013 nale\u017cy powiadomi\u0107 Delegata Biskupa [&hellip;]","og_url":"https:\/\/parafia-osieczna.pl\/?page_id=5727","og_site_name":"Parafia Niepokalanego Pocz\u0119cia Naj\u015bwi\u0119tszej Maryi Panny w Osiecznej","article_modified_time":"2024-08-27T18:04:46+00:00","twitter_card":"summary_large_image","twitter_misc":{"Szacowany czas czytania":"1 minuta"},"schema":{"@context":"https:\/\/schema.org","@graph":[{"@type":"WebPage","@id":"https:\/\/parafia-osieczna.pl\/?page_id=5727","url":"https:\/\/parafia-osieczna.pl\/?page_id=5727","name":"OSOBA PIERWSZEGO KONTAKTU - Parafia Niepokalanego Pocz\u0119cia Naj\u015bwi\u0119tszej Maryi Panny w Osiecznej","isPartOf":{"@id":"https:\/\/parafia-osieczna.pl\/#website"},"datePublished":"2024-08-27T18:04:45+00:00","dateModified":"2024-08-27T18:04:46+00:00","breadcrumb":{"@id":"https:\/\/parafia-osieczna.pl\/?page_id=5727#breadcrumb"},"inLanguage":"pl-PL","potentialAction":[{"@type":"ReadAction","target":["https:\/\/parafia-osieczna.pl\/?page_id=5727"]}]},{"@type":"BreadcrumbList","@id":"https:\/\/parafia-osieczna.pl\/?page_id=5727#breadcrumb","itemListElement":[{"@type":"ListItem","position":1,"name":"Strona g\u0142\u00f3wna","item":"https:\/\/parafia-osieczna.pl\/?page_id=206"},{"@type":"ListItem","position":2,"name":"OSOBA PIERWSZEGO KONTAKTU"}]},{"@type":"WebSite","@id":"https:\/\/parafia-osieczna.pl\/#website","url":"https:\/\/parafia-osieczna.pl\/","name":"Parafia Niepokalanego Pocz\u0119cia Naj\u015bwi\u0119tszej Maryi Panny w Osiecznej","description":"","potentialAction":[{"@type":"SearchAction","target":{"@type":"EntryPoint","urlTemplate":"https:\/\/parafia-osieczna.pl\/?s={search_term_string}"},"query-input":"required name=search_term_string"}],"inLanguage":"pl-PL"}]}},"_links":{"self":[{"href":"https:\/\/parafia-osieczna.pl\/index.php?rest_route=\/wp\/v2\/pages\/5727","targetHints":{"allow":["GET"]}}],"collection":[{"href":"https:\/\/parafia-osieczna.pl\/index.php?rest_route=\/wp\/v2\/pages"}],"about":[{"href":"https:\/\/parafia-osieczna.pl\/index.php?rest_route=\/wp\/v2\/types\/page"}],"author":[{"embeddable":true,"href":"https:\/\/parafia-osieczna.pl\/index.php?rest_route=\/wp\/v2\/users\/3"}],"replies":[{"embeddable":true,"href":"https:\/\/parafia-osieczna.pl\/index.php?rest_route=%2Fwp%2Fv2%2Fcomments&post=5727"}],"version-history":[{"count":1,"href":"https:\/\/parafia-osieczna.pl\/index.php?rest_route=\/wp\/v2\/pages\/5727\/revisions"}],"predecessor-version":[{"id":5728,"href":"https:\/\/parafia-osieczna.pl\/index.php?rest_route=\/wp\/v2\/pages\/5727\/revisions\/5728"}],"wp:attachment":[{"href":"https:\/\/parafia-osieczna.pl\/index.php?rest_route=%2Fwp%2Fv2%2Fmedia&parent=5727"}],"curies":[{"name":"wp","href":"https:\/\/api.w.org\/{rel}","templated":true}]}}