{"id":4632,"date":"2022-11-19T10:56:53","date_gmt":"2022-11-19T09:56:53","guid":{"rendered":"https:\/\/faratczew.pl\/?page_id=4632"},"modified":"2023-08-26T20:40:14","modified_gmt":"2023-08-26T18:40:14","slug":"polityka-prywatnosci-2","status":"publish","type":"page","link":"https:\/\/parafia-osieczna.pl\/?page_id=4632","title":{"rendered":"Polityka prywatno\u015bci"},"content":{"rendered":"\n<p>Dla parafii prywatno\u015b\u0107 danych stanowi podstawowy czynnik prowadzenia jej dzia\u0142alno\u015bci.<br>Polityka prywatno\u015bci parafii i wszelkie dzia\u0142ania z ni\u0105 zwi\u0105zane koncentruj\u0105 si\u0119 na przetwarzaniu danych osobowych w spos\u00f3b w\u0142a\u015bciwy i zgodny z prawem, przy jednoczesnym zachowaniu ich poufno\u015bci, integralno\u015bci i dost\u0119pno\u015bci<\/p>\n\n\n\n<p>Niniejsze O\u015bwiadczenie o ochronie prywatno\u015bci dotyczy parafii w Osiecznej, pos\u0142uguj\u0105c\u0105 si\u0119 dla potrzeb kontakt\u00f3w adresem poczty elektronicznej: biuro@parafia-osieczna.pl<\/p>\n\n\n\n<p>W niniejszym O\u015bwiadczeniu o ochronie prywatno\u015bci przedstawiono wszystkie aspekty polityki prywatno\u015bci parafii dotycz\u0105cej \u015brodowiska internetowego. W niniejszym O\u015bwiadczeniu o ochronie prywatno\u015bci opisano rodzaje gromadzonych przez parafi\u0119 informacji i wyja\u015bniono, w jaki spos\u00f3b s\u0105 one wykorzystywane.<br>Parafia przetwarza dane osobowe na terenie UE. Parafia dzia\u0142a w zgodzie z og\u00f3lnym rozporz\u0105dzeniem o ochronie danych (UE) 2016\/679 (\u201eRODO\u201d), kt\u00f3re jest bezpo\u015brednio wi\u0105\u017c\u0105cym aktem prawnym. RODO chroni podstawowe prawa i wolno\u015bci os\u00f3b fizycznych, w szczeg\u00f3lno\u015bci prawo do ochrony danych osobowych.<br>Parafia jest administratorem danych osobowych i definiuje cele i metody przetwarzania danych osobowych<\/p>\n\n\n\n<h3 class=\"wp-block-heading\">Zasady<\/h3>\n\n\n\n<p>Polityka prywatno\u015bci parafii opiera si\u0119 na poni\u017cszych zasadach ochrony danych:<br>\u2022 Przetwarzanie danych osobowych odbywa si\u0119 w spos\u00f3b zgodny z prawem, rzetelny i przejrzysty;<br>\u2022 Gromadzenie danych osobowych odbywa si\u0119 wy\u0142\u0105cznie w okre\u015blonych, jasno sprecyzowanych i prawnie uzasadnionych celach, a dalsze przetwarzanie tych danych nie mo\u017ce by\u0107 sprzeczne z tymi celami;<br>\u2022 Gromadzenie danych osobowych odbywa si\u0119 w spos\u00f3b adekwatny, stosowny oraz w zakresie niezb\u0119dnym do realizacji celu, w kt\u00f3rym s\u0105 one przetwarzane;<br>\u2022 Dane osobowe musz\u0105 by\u0107 prawid\u0142owe i w razie potrzeby uaktualniane;<br>\u2022 Zostan\u0105 podj\u0119te wszelkie stosowne dzia\u0142ania, aby dane osobowe, kt\u00f3re s\u0105 nieprawid\u0142owe w stosunku do celu ich przetwarzania, zosta\u0142y niezw\u0142ocznie usuni\u0119te lub sprostowane;<br>\u2022 Dane osobowe s\u0105 przechowywane w formie pozwalaj\u0105cej na identyfikacj\u0119 osoby, kt\u00f3rej dotycz\u0105, nie d\u0142u\u017cej ni\u017c jest to konieczne do realizacji celu, w kt\u00f3rym s\u0105 one przetwarzane;<br>\u2022 Wszystkie dane osobowe s\u0105 poufne i musz\u0105 by\u0107 przechowywane w spos\u00f3b, kt\u00f3ry zapewnia ich nale\u017cyte bezpiecze\u0144stwo;<br>\u2022 Osobom, kt\u00f3rych dotycz\u0105 dane osobowe, przys\u0142uguje prawo dost\u0119pu do swoich danych osobowych, prawo do ich sprostowania lub usuni\u0119cia, prawo do ograniczenia przetwarzania lub wniesienia sprzeciwu wobec przetwarzania, jak r\u00f3wnie\u017c prawo do przeniesienia danych osobowych<\/p>\n\n\n\n<h3 class=\"wp-block-heading\">Gromadzenie danych osobowych<\/h3>\n\n\n\n<p>Osoby, kt\u00f3re chc\u0105 skorzysta\u0107 z us\u0142ug parafii i zamierzaj\u0105 przes\u0142a\u0107&nbsp;parafii informacje, mog\u0105 zosta\u0107 poproszone o podanie danych osobowych niezb\u0119dnych do \u015bwiadczenia i ulepszania us\u0142ug przez parafi\u0119. Dane osobowe mog\u0105 by\u0107 przekazane za po\u015brednictwem strony internetowej, aplikacji mobilnych, poczty elektronicznej, wszelkich innych wspieranych przez&nbsp;parafi\u0119 rozwi\u0105za\u0144 elektronicznych lub rozwi\u0105za\u0144 w zakresie oprogramowania, telefonicznie lub poczt\u0105 tradycyjn\u0105. Wszystkie dane osobowe s\u0105 gromadzone zgodnie z przepisami RODO. Parafia przetwarza dane osobowe wy\u0142\u0105cznie w zakresie niezb\u0119dnym do realizacji okre\u015blonego, jasno sprecyzowanego i prawnie uzasadnionego celu lub celu wynikaj\u0105cego z przepis\u00f3w prawa obowi\u0105zuj\u0105cych w miejscach, w kt\u00f3rych parafia prowadzi dzia\u0142alno\u015b\u0107<\/p>\n\n\n\n<p>Wykorzystywanie danych osobowych<\/p>\n\n\n\n<p>Parafia wykorzystuje dane osobowe w celu, w kt\u00f3rym zosta\u0142y zebrane, i przechowuje je nie d\u0142u\u017cej, ni\u017c jest to konieczne do realizacji tego celu. Parafia mo\u017ce przechowywa\u0107 dane tak d\u0142ugo jak jest to konieczne do \u015bwiadczenia us\u0142ug, wywi\u0105zania si\u0119 ze zobowi\u0105za\u0144 prawnych lub realizacji kt\u00f3regokolwiek z cel\u00f3w wymienionych powy\u017cej. Dost\u0119p do danych osobowych maj\u0105 wy\u0142\u0105cznie administratorzy parafii oraz pracownicy podmiot\u00f3w zale\u017cnych i stowarzyszonych, kt\u00f3rzy posiadaj\u0105 odpowiednie uprawnienia i maj\u0105 uzasadniony pow\u00f3d<\/p>\n\n\n\n<h3 class=\"wp-block-heading\">Wykorzystywanie plik\u00f3w cookie<\/h3>\n\n\n\n<p>Strona internetowa parafii wykorzystuje pliki cookie lub podobne technologie w celu zapewnienia jak najlepszego \u015bwiadczenia us\u0142ug, analizowania trend\u00f3w, administrowania stron\u0105, obserwowania dzia\u0142a\u0144 u\u017cytkownik\u00f3w na stronie internetowej i zbierania danych demograficznych o og\u00f3le u\u017cytkownik\u00f3w. Cookies (ciasteczka) to niewielkie pliki tekstowe instalowane na urz\u0105dzeniu u\u017cytkownika w celu \u015bledzenia wzorc\u00f3w zachowa\u0144 na stronie i zapisywania preferencji. Pliki cookie wykorzystywane przez&nbsp;parafi\u0119 nie zawieraj\u0105 informacji, kt\u00f3re pozwala\u0142yby na bezpo\u015bredni\u0105 identyfikacj\u0119 danej osoby. Wykorzystuj\u0105c pliki cookie oraz technologie \u015bledz\u0105ce, parafia automatycznie gromadzi niekt\u00f3re informacje, takie jak adres IP, rodzaj przegl\u0105darki, dostawca us\u0142ug internetowych, witryny odsy\u0142aj\u0105ce \/ strony ko\u0144cowe, pliki wy\u015bwietlane na stronie&nbsp;parafii (np. strony HTML, grafiki), system operacyjny, daty i godziny wizyt na stronie oraz sekwencje uruchamianych \u0142\u0105czy, w celu analizowania trend\u00f3w w statystykach zbiorczych i administrowania stron\u0105. U\u017cytkownicy mog\u0105 zarz\u0105dza\u0107 plikami cookie, zmieniaj\u0105c ustawienia w swojej przegl\u0105darce internetowej, jednak\u017ce wy\u0142\u0105czenie plik\u00f3w cookie mo\u017ce wp\u0142yn\u0105\u0107 na niekt\u00f3re cechy strony parafii, jak r\u00f3wnie\u017c ograniczy\u0107 jej funkcje i us\u0142ugi.<\/p>\n\n\n\n<p>Aby dowiedzie\u0107 si\u0119 wi\u0119cej o wykorzystaniu plik\u00f3w cookie przez parafi\u0119, nale\u017cy zapozna\u0107 si\u0119 z Polityk\u0105 cookies parafii.<\/p>\n\n\n\n<h3 class=\"wp-block-heading\">Udost\u0119pnianie danych osobowych<\/h3>\n\n\n\n<p>Parafia udost\u0119pni dane osobowe podmiotom zewn\u0119trznym wy\u0142\u0105cznie w przypadkach opisanych poni\u017cej:<br>\u2022 za zgod\u0105 osoby, kt\u00f3rej dotycz\u0105 dane osobowe;<br>\u2022 je\u017celi s\u0142u\u017cy to celowi bezpo\u015brednio zwi\u0105zanemu z pierwotnym celem, w kt\u00f3rym zebrano dane osobowe;<br>\u2022 je\u017celi jest to wymagane ze wzgl\u0119du na obowi\u0105zuj\u0105ce przepisy prawa, nakaz administracyjny lub s\u0105dowy;<br>\u2022 je\u017celi jest to wymagane w celu dochodzenia lub ochrony roszcze\u0144 lub obrony w post\u0119powaniach s\u0105dowych;<br>\u2022 je\u017celi s\u0142u\u017cy to zapobieganiu nadu\u017cyciom lub innym czynom niedozwolonym, takim jak umy\u015blne ataki, w celu zapewnienia ochrony danych.<\/p>\n\n\n\n<p>Parafia nie udost\u0119pni danych osobowych podmiotom zewn\u0119trznym w celu przetwarzania ich w celach marketingowych.<\/p>\n\n\n\n<h3 class=\"wp-block-heading\">Bezpiecze\u0144stwo przetwarzania<\/h3>\n\n\n\n<p>Parafia przetwarza dane osobowe w spos\u00f3b zapewniaj\u0105cy ich bezpiecze\u0144stwo oraz stosuje i zachowuje odpowiednie \u015brodki techniczne i organizacyjne, tak aby chroni\u0107 dane osobowe przed przypadkowym lub niezgodnym z prawem zniszczeniem, utraceniem, zmodyfikowaniem, nieuprawnionym ujawnieniem lub udzieleniem do nich dost\u0119pu, w szczeg\u00f3lno\u015bci w przypadkach, gdy przetwarzanie danych wymaga ich transmisji w sieci, oraz przed jakimikolwiek innymi niezgodnymi z prawem formami ich przetwarzania.<br>Prawa do ochrony danych osobowych<\/p>\n\n\n\n<p>W ka\u017cdej chwili osoby korzystaj\u0105ce ze strony maj\u0105 prawo do za\u017c\u0105dania dost\u0119pu do swoich danych osobowych, ich sprostowania lub usuni\u0119cia, prawo do ograniczenia przetwarzania lub wniesienia sprzeciwu wobec przetwarzania, jak r\u00f3wnie\u017c prawo do przeniesienia danych osobowych.<\/p>\n\n\n\n<h3 class=\"wp-block-heading\">Odpowiedzialno\u015b\u0107<\/h3>\n\n\n\n<p>Za niniejsze O\u015bwiadczenie o ochronie prywatno\u015bci odpowiada zesp\u00f3\u0142 parafii, kt\u00f3ry jest r\u00f3wnie\u017c odpowiedzialny za przestrzeganie jego zapis\u00f3w. Parafia przestrzega przepis\u00f3w RODO oraz wszelkich zasad zawartych w niniejszym O\u015bwiadczeniu o ochronie prywatno\u015bci. Parafia przechowuje zapis dzia\u0142a\u0144 zwi\u0105zanych z przetwarzaniem powierzonych danych wraz z informacjami wymaganymi przez RODO. W stosownych przypadkach Parafia na \u017c\u0105danie udost\u0119pnia zapisy organom nadzorczym.<\/p>\n\n\n\n<h3 class=\"wp-block-heading\">Skargi<\/h3>\n\n\n\n<p>Korzystaj\u0105cy ze strony ma prawo z\u0142o\u017cy\u0107 skarg\u0119 dotycz\u0105c\u0105 przetwarzania jego danych osobowych przez parafi\u0119. Wszelkie zapytania i skargi s\u0105 rozpatrywane w odpowiednim czasie przez Inspektor Ochrony Danych Osobowych zgodnie z procedurami wewn\u0119trznymi<\/p>\n\n\n\n<p>W ma\u0142o prawdopodobnym przypadku, gdy korzystaj\u0105cy stwierdzi, \u017ce proces przetwarzania danych osobowych przez parafi\u0119 narusza przepisy RODO, mo\u017ce r\u00f3wnie\u017c z\u0142o\u017cy\u0107 skarg\u0119 do odpowiedniego organu nadzorczego.<\/p>\n\n\n\n<h3 class=\"wp-block-heading\">Zmiany w O\u015bwiadczeniu o ochronie prywatno\u015bci<\/h3>\n\n\n\n<p>Niniejsze O\u015bwiadczenie o ochronie prywatno\u015bci mo\u017ce podlega\u0107 aktualizacjom, m.in. wskutek zmian maj\u0105cych zastosowanie przepis\u00f3w prawa czy te\u017c zmian w parafii.<\/p>\n","protected":false},"excerpt":{"rendered":"<p>Dla parafii prywatno\u015b\u0107 danych stanowi podstawowy czynnik prowadzenia jej dzia\u0142alno\u015bci.Polityka prywatno\u015bci parafii i wszelkie dzia\u0142ania z ni\u0105 zwi\u0105zane koncentruj\u0105 si\u0119 na przetwarzaniu danych osobowych w spos\u00f3b w\u0142a\u015bciwy i zgodny z prawem, przy jednoczesnym zachowaniu ich poufno\u015bci, integralno\u015bci i dost\u0119pno\u015bci Niniejsze O\u015bwiadczenie o ochronie prywatno\u015bci dotyczy parafii w Osiecznej, pos\u0142uguj\u0105c\u0105 si\u0119 dla potrzeb kontakt\u00f3w adresem poczty [&hellip;]<\/p>\n","protected":false},"author":3,"featured_media":0,"parent":0,"menu_order":0,"comment_status":"closed","ping_status":"closed","template":"","meta":{"footnotes":""},"class_list":["post-4632","page","type-page","status-publish","hentry"],"yoast_head":"<!-- This site is optimized with the Yoast SEO plugin v19.7.1 - https:\/\/yoast.com\/wordpress\/plugins\/seo\/ -->\n<title>Polityka prywatno\u015bci - Parafia Niepokalanego Pocz\u0119cia Naj\u015bwi\u0119tszej Maryi Panny w Osiecznej<\/title>\n<meta name=\"robots\" content=\"index, follow, max-snippet:-1, max-image-preview:large, max-video-preview:-1\" \/>\n<link rel=\"canonical\" href=\"https:\/\/parafia-osieczna.pl\/?page_id=4632\" \/>\n<meta property=\"og:locale\" content=\"pl_PL\" \/>\n<meta property=\"og:type\" content=\"article\" \/>\n<meta property=\"og:title\" content=\"Polityka prywatno\u015bci - Parafia Niepokalanego Pocz\u0119cia Naj\u015bwi\u0119tszej Maryi Panny w Osiecznej\" \/>\n<meta property=\"og:description\" content=\"Dla parafii prywatno\u015b\u0107 danych stanowi podstawowy czynnik prowadzenia jej dzia\u0142alno\u015bci.Polityka prywatno\u015bci parafii i wszelkie dzia\u0142ania z ni\u0105 zwi\u0105zane koncentruj\u0105 si\u0119 na przetwarzaniu danych osobowych w spos\u00f3b w\u0142a\u015bciwy i zgodny z prawem, przy jednoczesnym zachowaniu ich poufno\u015bci, integralno\u015bci i dost\u0119pno\u015bci Niniejsze O\u015bwiadczenie o ochronie prywatno\u015bci dotyczy parafii w Osiecznej, pos\u0142uguj\u0105c\u0105 si\u0119 dla potrzeb kontakt\u00f3w adresem poczty [&hellip;]\" \/>\n<meta property=\"og:url\" content=\"https:\/\/parafia-osieczna.pl\/?page_id=4632\" \/>\n<meta property=\"og:site_name\" content=\"Parafia Niepokalanego Pocz\u0119cia Naj\u015bwi\u0119tszej Maryi Panny w Osiecznej\" \/>\n<meta property=\"article:modified_time\" content=\"2023-08-26T18:40:14+00:00\" \/>\n<meta name=\"twitter:card\" content=\"summary_large_image\" \/>\n<meta name=\"twitter:label1\" content=\"Szacowany czas czytania\" \/>\n\t<meta name=\"twitter:data1\" content=\"7 minut\" \/>\n<script type=\"application\/ld+json\" class=\"yoast-schema-graph\">{\"@context\":\"https:\/\/schema.org\",\"@graph\":[{\"@type\":\"WebPage\",\"@id\":\"https:\/\/parafia-osieczna.pl\/?page_id=4632\",\"url\":\"https:\/\/parafia-osieczna.pl\/?page_id=4632\",\"name\":\"Polityka prywatno\u015bci - Parafia Niepokalanego Pocz\u0119cia Naj\u015bwi\u0119tszej Maryi Panny w Osiecznej\",\"isPartOf\":{\"@id\":\"https:\/\/parafia-osieczna.pl\/#website\"},\"datePublished\":\"2022-11-19T09:56:53+00:00\",\"dateModified\":\"2023-08-26T18:40:14+00:00\",\"breadcrumb\":{\"@id\":\"https:\/\/parafia-osieczna.pl\/?page_id=4632#breadcrumb\"},\"inLanguage\":\"pl-PL\",\"potentialAction\":[{\"@type\":\"ReadAction\",\"target\":[\"https:\/\/parafia-osieczna.pl\/?page_id=4632\"]}]},{\"@type\":\"BreadcrumbList\",\"@id\":\"https:\/\/parafia-osieczna.pl\/?page_id=4632#breadcrumb\",\"itemListElement\":[{\"@type\":\"ListItem\",\"position\":1,\"name\":\"Strona g\u0142\u00f3wna\",\"item\":\"https:\/\/parafia-osieczna.pl\/?page_id=206\"},{\"@type\":\"ListItem\",\"position\":2,\"name\":\"Polityka prywatno\u015bci\"}]},{\"@type\":\"WebSite\",\"@id\":\"https:\/\/parafia-osieczna.pl\/#website\",\"url\":\"https:\/\/parafia-osieczna.pl\/\",\"name\":\"Parafia Niepokalanego Pocz\u0119cia Naj\u015bwi\u0119tszej Maryi Panny w Osiecznej\",\"description\":\"\",\"potentialAction\":[{\"@type\":\"SearchAction\",\"target\":{\"@type\":\"EntryPoint\",\"urlTemplate\":\"https:\/\/parafia-osieczna.pl\/?s={search_term_string}\"},\"query-input\":\"required name=search_term_string\"}],\"inLanguage\":\"pl-PL\"}]}<\/script>\n<!-- \/ Yoast SEO plugin. -->","yoast_head_json":{"title":"Polityka prywatno\u015bci - Parafia Niepokalanego Pocz\u0119cia Naj\u015bwi\u0119tszej Maryi Panny w Osiecznej","robots":{"index":"index","follow":"follow","max-snippet":"max-snippet:-1","max-image-preview":"max-image-preview:large","max-video-preview":"max-video-preview:-1"},"canonical":"https:\/\/parafia-osieczna.pl\/?page_id=4632","og_locale":"pl_PL","og_type":"article","og_title":"Polityka prywatno\u015bci - Parafia Niepokalanego Pocz\u0119cia Naj\u015bwi\u0119tszej Maryi Panny w Osiecznej","og_description":"Dla parafii prywatno\u015b\u0107 danych stanowi podstawowy czynnik prowadzenia jej dzia\u0142alno\u015bci.Polityka prywatno\u015bci parafii i wszelkie dzia\u0142ania z ni\u0105 zwi\u0105zane koncentruj\u0105 si\u0119 na przetwarzaniu danych osobowych w spos\u00f3b w\u0142a\u015bciwy i zgodny z prawem, przy jednoczesnym zachowaniu ich poufno\u015bci, integralno\u015bci i dost\u0119pno\u015bci Niniejsze O\u015bwiadczenie o ochronie prywatno\u015bci dotyczy parafii w Osiecznej, pos\u0142uguj\u0105c\u0105 si\u0119 dla potrzeb kontakt\u00f3w adresem poczty [&hellip;]","og_url":"https:\/\/parafia-osieczna.pl\/?page_id=4632","og_site_name":"Parafia Niepokalanego Pocz\u0119cia Naj\u015bwi\u0119tszej Maryi Panny w Osiecznej","article_modified_time":"2023-08-26T18:40:14+00:00","twitter_card":"summary_large_image","twitter_misc":{"Szacowany czas czytania":"7 minut"},"schema":{"@context":"https:\/\/schema.org","@graph":[{"@type":"WebPage","@id":"https:\/\/parafia-osieczna.pl\/?page_id=4632","url":"https:\/\/parafia-osieczna.pl\/?page_id=4632","name":"Polityka prywatno\u015bci - Parafia Niepokalanego Pocz\u0119cia Naj\u015bwi\u0119tszej Maryi Panny w Osiecznej","isPartOf":{"@id":"https:\/\/parafia-osieczna.pl\/#website"},"datePublished":"2022-11-19T09:56:53+00:00","dateModified":"2023-08-26T18:40:14+00:00","breadcrumb":{"@id":"https:\/\/parafia-osieczna.pl\/?page_id=4632#breadcrumb"},"inLanguage":"pl-PL","potentialAction":[{"@type":"ReadAction","target":["https:\/\/parafia-osieczna.pl\/?page_id=4632"]}]},{"@type":"BreadcrumbList","@id":"https:\/\/parafia-osieczna.pl\/?page_id=4632#breadcrumb","itemListElement":[{"@type":"ListItem","position":1,"name":"Strona g\u0142\u00f3wna","item":"https:\/\/parafia-osieczna.pl\/?page_id=206"},{"@type":"ListItem","position":2,"name":"Polityka prywatno\u015bci"}]},{"@type":"WebSite","@id":"https:\/\/parafia-osieczna.pl\/#website","url":"https:\/\/parafia-osieczna.pl\/","name":"Parafia Niepokalanego Pocz\u0119cia Naj\u015bwi\u0119tszej Maryi Panny w Osiecznej","description":"","potentialAction":[{"@type":"SearchAction","target":{"@type":"EntryPoint","urlTemplate":"https:\/\/parafia-osieczna.pl\/?s={search_term_string}"},"query-input":"required name=search_term_string"}],"inLanguage":"pl-PL"}]}},"_links":{"self":[{"href":"https:\/\/parafia-osieczna.pl\/index.php?rest_route=\/wp\/v2\/pages\/4632","targetHints":{"allow":["GET"]}}],"collection":[{"href":"https:\/\/parafia-osieczna.pl\/index.php?rest_route=\/wp\/v2\/pages"}],"about":[{"href":"https:\/\/parafia-osieczna.pl\/index.php?rest_route=\/wp\/v2\/types\/page"}],"author":[{"embeddable":true,"href":"https:\/\/parafia-osieczna.pl\/index.php?rest_route=\/wp\/v2\/users\/3"}],"replies":[{"embeddable":true,"href":"https:\/\/parafia-osieczna.pl\/index.php?rest_route=%2Fwp%2Fv2%2Fcomments&post=4632"}],"version-history":[{"count":2,"href":"https:\/\/parafia-osieczna.pl\/index.php?rest_route=\/wp\/v2\/pages\/4632\/revisions"}],"predecessor-version":[{"id":5237,"href":"https:\/\/parafia-osieczna.pl\/index.php?rest_route=\/wp\/v2\/pages\/4632\/revisions\/5237"}],"wp:attachment":[{"href":"https:\/\/parafia-osieczna.pl\/index.php?rest_route=%2Fwp%2Fv2%2Fmedia&parent=4632"}],"curies":[{"name":"wp","href":"https:\/\/api.w.org\/{rel}","templated":true}]}}