{"id":3390,"date":"2021-11-26T15:38:12","date_gmt":"2021-11-26T14:38:12","guid":{"rendered":"https:\/\/faratczew.pl\/?page_id=3390"},"modified":"2023-08-26T20:59:04","modified_gmt":"2023-08-26T18:59:04","slug":"malzenstwo","status":"publish","type":"page","link":"https:\/\/parafia-osieczna.pl\/?page_id=3390","title":{"rendered":"Ma\u0142\u017ce\u0144stwo"},"content":{"rendered":"<section  class='av_textblock_section av-kwhwjlsj-12bb6621a0b6afba53bf55ed3e608f5b '  itemscope=\"itemscope\" itemtype=\"https:\/\/schema.org\/CreativeWork\" ><div class='avia_textblock '  itemprop=\"text\" ><p class=\"has-medium-font-size\">Chrystus podni\u00f3s\u0142 przymierze kap\u0142a\u0144skie m\u0119\u017cczyzny i\u00a0kobiety do\u00a0godno\u015bci sakramentu. Sakramentalne przymierze ma\u0142\u017ce\u0144skie jest obrazem jedno\u015bci i\u00a0uczestnictwa w\u00a0mi\u0142o\u015bci, jaka istnieje pomi\u0119dzy Chrystusem i\u00a0Ko\u015bcio\u0142em.<br \/>\nMa\u0142\u017conkowie w\u0142\u0105czeni w\u00a0mi\u0142o\u015b\u0107 Bo\u017c\u0105 realizuj\u0105 sakramentaln\u0105 jedno\u015b\u0107, nierozerwalno\u015b\u0107 i\u00a0wierno\u015b\u0107 ma\u0142\u017ce\u0144sk\u0105 skierowan\u0105 ku\u00a0zrodzeniu i\u00a0wychowaniu potomstwa.<br \/>\nMa\u0142\u017conkowie przyjmuj\u0105cy w\u00a0mi\u0142o\u015bci s\u0142u\u017cb\u0119 \u017cyciu poprzez urodzenie dzieci, wychowanie i\u00a0chrze\u015bcija\u0144ski styl \u017cycia, tworz\u0105 prawdziwy ko\u015bci\u00f3\u0142 domowy.<br \/>\nW parafii opr\u00f3cz programu katechetycznego, kt\u00f3ry w\u00a0ostatnich klasach szko\u0142y \u015bredniej obejmuje kurs przedma\u0142\u017ce\u0144ski, przeprowadzili\u015bmy w\u00a0tym roku dodatkowy kurs dla\u00a0ch\u0119tnych z\u00a0dekanatu tucholskiego.<\/p>\n<figure class=\"wp-block-embed-youtube wp-block-embed is-type-video is-provider-youtube wp-embed-aspect-16-9 wp-has-aspect-ratio\">\n<div class=\"wp-block-embed__wrapper\">\n<div class=\"fluid-width-video-wrapper\"><iframe id=\"_ytid_28355\" class=\"__youtube_prefs__\" title=\"3MC \u2013 Trzyminutowy Katechizm - 48. Co to jest ma\u0142\u017ce\u0144stwo?\" src=\"https:\/\/www.youtube.com\/embed\/smjkwo30Atk?enablejsapi=1&amp;autoplay=0&amp;cc_load_policy=0&amp;iv_load_policy=1&amp;loop=0&amp;modestbranding=0&amp;rel=1&amp;fs=1&amp;playsinline=0&amp;autohide=2&amp;theme=dark&amp;color=red&amp;controls=1&amp;\" allowfullscreen=\"allowfullscreen\" data-origwidth=\"604\" data-origheight=\"340\" data-no-lazy=\"1\" data-skipgform_ajax_framebjll=\"\" data-mce-fragment=\"1\"><\/iframe><\/div>\n<\/div>\n<\/figure>\n<p class=\"has-medium-font-size\"><strong>Kandydaci do\u00a0zawarcia sakramentu ma\u0142\u017ce\u0144stwa do\u00a0Biura Parafialnego zobowi\u0105zani s\u0105 dostarczy\u0107:<\/strong><br \/>\n&#8211; \u015awiadectwa chrztu;<br \/>\n&#8211; \u015awiadectwa katechizacji przedma\u0142\u017ce\u0144skiej;<br \/>\n&#8211; Za\u015bwiadczenia z\u00a0Urz\u0119du Stanu Cywilnego.<\/p>\n<\/div><\/section>\n","protected":false},"excerpt":{"rendered":"","protected":false},"author":3,"featured_media":0,"parent":0,"menu_order":0,"comment_status":"closed","ping_status":"closed","template":"","meta":{"footnotes":""},"class_list":["post-3390","page","type-page","status-publish","hentry"],"yoast_head":"<!-- This site is optimized with the Yoast SEO plugin v19.7.1 - https:\/\/yoast.com\/wordpress\/plugins\/seo\/ -->\n<title>Ma\u0142\u017ce\u0144stwo - Parafia Niepokalanego Pocz\u0119cia Naj\u015bwi\u0119tszej Maryi Panny w Osiecznej<\/title>\n<meta name=\"robots\" content=\"index, follow, max-snippet:-1, max-image-preview:large, max-video-preview:-1\" \/>\n<link rel=\"canonical\" href=\"https:\/\/parafia-osieczna.pl\/?page_id=3390\" \/>\n<meta property=\"og:locale\" content=\"pl_PL\" \/>\n<meta property=\"og:type\" content=\"article\" \/>\n<meta property=\"og:title\" content=\"Ma\u0142\u017ce\u0144stwo - Parafia Niepokalanego Pocz\u0119cia Naj\u015bwi\u0119tszej Maryi Panny w Osiecznej\" \/>\n<meta property=\"og:url\" content=\"https:\/\/parafia-osieczna.pl\/?page_id=3390\" \/>\n<meta property=\"og:site_name\" content=\"Parafia Niepokalanego Pocz\u0119cia Naj\u015bwi\u0119tszej Maryi Panny w Osiecznej\" \/>\n<meta property=\"article:modified_time\" content=\"2023-08-26T18:59:04+00:00\" \/>\n<meta name=\"twitter:card\" content=\"summary_large_image\" \/>\n<meta name=\"twitter:label1\" content=\"Szacowany czas czytania\" \/>\n\t<meta name=\"twitter:data1\" content=\"1 minuta\" \/>\n<script type=\"application\/ld+json\" class=\"yoast-schema-graph\">{\"@context\":\"https:\/\/schema.org\",\"@graph\":[{\"@type\":\"WebPage\",\"@id\":\"https:\/\/parafia-osieczna.pl\/?page_id=3390\",\"url\":\"https:\/\/parafia-osieczna.pl\/?page_id=3390\",\"name\":\"Ma\u0142\u017ce\u0144stwo - Parafia Niepokalanego Pocz\u0119cia Naj\u015bwi\u0119tszej Maryi Panny w Osiecznej\",\"isPartOf\":{\"@id\":\"https:\/\/parafia-osieczna.pl\/#website\"},\"datePublished\":\"2021-11-26T14:38:12+00:00\",\"dateModified\":\"2023-08-26T18:59:04+00:00\",\"breadcrumb\":{\"@id\":\"https:\/\/parafia-osieczna.pl\/?page_id=3390#breadcrumb\"},\"inLanguage\":\"pl-PL\",\"potentialAction\":[{\"@type\":\"ReadAction\",\"target\":[\"https:\/\/parafia-osieczna.pl\/?page_id=3390\"]}]},{\"@type\":\"BreadcrumbList\",\"@id\":\"https:\/\/parafia-osieczna.pl\/?page_id=3390#breadcrumb\",\"itemListElement\":[{\"@type\":\"ListItem\",\"position\":1,\"name\":\"Strona g\u0142\u00f3wna\",\"item\":\"https:\/\/parafia-osieczna.pl\/?page_id=206\"},{\"@type\":\"ListItem\",\"position\":2,\"name\":\"Ma\u0142\u017ce\u0144stwo\"}]},{\"@type\":\"WebSite\",\"@id\":\"https:\/\/parafia-osieczna.pl\/#website\",\"url\":\"https:\/\/parafia-osieczna.pl\/\",\"name\":\"Parafia Niepokalanego Pocz\u0119cia Naj\u015bwi\u0119tszej Maryi Panny w Osiecznej\",\"description\":\"\",\"potentialAction\":[{\"@type\":\"SearchAction\",\"target\":{\"@type\":\"EntryPoint\",\"urlTemplate\":\"https:\/\/parafia-osieczna.pl\/?s={search_term_string}\"},\"query-input\":\"required name=search_term_string\"}],\"inLanguage\":\"pl-PL\"}]}<\/script>\n<!-- \/ Yoast SEO plugin. -->","yoast_head_json":{"title":"Ma\u0142\u017ce\u0144stwo - Parafia Niepokalanego Pocz\u0119cia Naj\u015bwi\u0119tszej Maryi Panny w Osiecznej","robots":{"index":"index","follow":"follow","max-snippet":"max-snippet:-1","max-image-preview":"max-image-preview:large","max-video-preview":"max-video-preview:-1"},"canonical":"https:\/\/parafia-osieczna.pl\/?page_id=3390","og_locale":"pl_PL","og_type":"article","og_title":"Ma\u0142\u017ce\u0144stwo - Parafia Niepokalanego Pocz\u0119cia Naj\u015bwi\u0119tszej Maryi Panny w Osiecznej","og_url":"https:\/\/parafia-osieczna.pl\/?page_id=3390","og_site_name":"Parafia Niepokalanego Pocz\u0119cia Naj\u015bwi\u0119tszej Maryi Panny w Osiecznej","article_modified_time":"2023-08-26T18:59:04+00:00","twitter_card":"summary_large_image","twitter_misc":{"Szacowany czas czytania":"1 minuta"},"schema":{"@context":"https:\/\/schema.org","@graph":[{"@type":"WebPage","@id":"https:\/\/parafia-osieczna.pl\/?page_id=3390","url":"https:\/\/parafia-osieczna.pl\/?page_id=3390","name":"Ma\u0142\u017ce\u0144stwo - Parafia Niepokalanego Pocz\u0119cia Naj\u015bwi\u0119tszej Maryi Panny w Osiecznej","isPartOf":{"@id":"https:\/\/parafia-osieczna.pl\/#website"},"datePublished":"2021-11-26T14:38:12+00:00","dateModified":"2023-08-26T18:59:04+00:00","breadcrumb":{"@id":"https:\/\/parafia-osieczna.pl\/?page_id=3390#breadcrumb"},"inLanguage":"pl-PL","potentialAction":[{"@type":"ReadAction","target":["https:\/\/parafia-osieczna.pl\/?page_id=3390"]}]},{"@type":"BreadcrumbList","@id":"https:\/\/parafia-osieczna.pl\/?page_id=3390#breadcrumb","itemListElement":[{"@type":"ListItem","position":1,"name":"Strona g\u0142\u00f3wna","item":"https:\/\/parafia-osieczna.pl\/?page_id=206"},{"@type":"ListItem","position":2,"name":"Ma\u0142\u017ce\u0144stwo"}]},{"@type":"WebSite","@id":"https:\/\/parafia-osieczna.pl\/#website","url":"https:\/\/parafia-osieczna.pl\/","name":"Parafia Niepokalanego Pocz\u0119cia Naj\u015bwi\u0119tszej Maryi Panny w Osiecznej","description":"","potentialAction":[{"@type":"SearchAction","target":{"@type":"EntryPoint","urlTemplate":"https:\/\/parafia-osieczna.pl\/?s={search_term_string}"},"query-input":"required name=search_term_string"}],"inLanguage":"pl-PL"}]}},"_links":{"self":[{"href":"https:\/\/parafia-osieczna.pl\/index.php?rest_route=\/wp\/v2\/pages\/3390","targetHints":{"allow":["GET"]}}],"collection":[{"href":"https:\/\/parafia-osieczna.pl\/index.php?rest_route=\/wp\/v2\/pages"}],"about":[{"href":"https:\/\/parafia-osieczna.pl\/index.php?rest_route=\/wp\/v2\/types\/page"}],"author":[{"embeddable":true,"href":"https:\/\/parafia-osieczna.pl\/index.php?rest_route=\/wp\/v2\/users\/3"}],"replies":[{"embeddable":true,"href":"https:\/\/parafia-osieczna.pl\/index.php?rest_route=%2Fwp%2Fv2%2Fcomments&post=3390"}],"version-history":[{"count":4,"href":"https:\/\/parafia-osieczna.pl\/index.php?rest_route=\/wp\/v2\/pages\/3390\/revisions"}],"predecessor-version":[{"id":5250,"href":"https:\/\/parafia-osieczna.pl\/index.php?rest_route=\/wp\/v2\/pages\/3390\/revisions\/5250"}],"wp:attachment":[{"href":"https:\/\/parafia-osieczna.pl\/index.php?rest_route=%2Fwp%2Fv2%2Fmedia&parent=3390"}],"curies":[{"name":"wp","href":"https:\/\/api.w.org\/{rel}","templated":true}]}}