{"id":3386,"date":"2021-11-26T15:37:46","date_gmt":"2021-11-26T14:37:46","guid":{"rendered":"https:\/\/faratczew.pl\/?page_id=3386"},"modified":"2023-08-26T20:54:59","modified_gmt":"2023-08-26T18:54:59","slug":"namaszczenie-chorych","status":"publish","type":"page","link":"https:\/\/parafia-osieczna.pl\/?page_id=3386","title":{"rendered":"Namaszczenie chorych"},"content":{"rendered":"\n<style type=\"text\/css\" data-created_by=\"avia_inline_auto\" id=\"style-css-av-kwrzxojc-f78b10ecd40f7da8d60bc92de2bd0ff7\">\n.avia-section.av-kwrzxojc-f78b10ecd40f7da8d60bc92de2bd0ff7 .av-section-color-overlay{\nopacity:0.1;\n}\n<\/style>\n<div id='av_section_1'  class='avia-section av-kwrzxojc-f78b10ecd40f7da8d60bc92de2bd0ff7 main_color avia-section-default avia-no-border-styling  avia-builder-el-0  avia-builder-el-no-sibling  avia-bg-style-fixed av-section-color-overlay-active  container_wrap fullsize'  ><div class='av-section-color-overlay-wrap'><div class=\"av-section-color-overlay\"><\/div><div class='container av-section-cont-open' ><main  role=\"main\" itemprop=\"mainContentOfPage\"  class='template-page content  av-content-full alpha units'><div class='post-entry post-entry-type-page post-entry-3386'><div class='entry-content-wrapper clearfix'>\n<section  class='av_textblock_section av-kwhwgr8k-2620026b1d02090c50964106a419ee3f '  itemscope=\"itemscope\" itemtype=\"https:\/\/schema.org\/CreativeWork\" ><div class='avia_textblock '  itemprop=\"text\" ><p class=\"has-medium-font-size\">Moc Chrystusa, kt\u00f3ry odpuszcza\u0142 grzechy i\u00a0uzdrawia\u0142 ludzi przechodzi w\u00a0sakramenty Ko\u015bcio\u0142a, a\u00a0wobec chorych wyra\u017ca si\u0119 sakramentem namaszczenia. Ko\u015bci\u00f3\u0142 w\u00a0sakramencie namaszczenia chorych wyprasza dla\u00a0dotkni\u0119tej chorob\u0105 osoby szczeg\u00f3lny dar Ducha \u015awi\u0119tego dla\u00a0umocnienia wiary i\u00a0nadziei w\u00a0ci\u0119\u017ckim stanie utraty zdrowia lub\u00a0zagro\u017cenia \u017cycia.<\/p>\n<figure class=\"wp-block-embed-youtube wp-block-embed is-type-video is-provider-youtube wp-embed-aspect-16-9 wp-has-aspect-ratio\">\n<div class=\"wp-block-embed__wrapper\">\n<div class=\"fluid-width-video-wrapper\"><iframe id=\"_ytid_24859\" class=\"__youtube_prefs__\" title=\"3MC \u2013 Trzyminutowy Katechizm - 45. Co to jest namaszczenie chorych?\" src=\"https:\/\/www.youtube.com\/embed\/Zviorv9JoGo?enablejsapi=1&#038;autoplay=0&#038;cc_load_policy=0&#038;iv_load_policy=1&#038;loop=0&#038;modestbranding=0&#038;rel=1&#038;fs=1&#038;playsinline=0&#038;autohide=2&#038;theme=dark&#038;color=red&#038;controls=1&#038;\" allowfullscreen=\"allowfullscreen\" data-origwidth=\"604\" data-origheight=\"340\" data-no-lazy=\"1\" data-skipgform_ajax_framebjll=\"\" data-mce-fragment=\"1\"><\/iframe><\/div>\n<\/div>\n<\/figure>\n<\/div><\/section>\n\n","protected":false},"excerpt":{"rendered":"","protected":false},"author":3,"featured_media":0,"parent":0,"menu_order":0,"comment_status":"closed","ping_status":"closed","template":"","meta":{"footnotes":""},"class_list":["post-3386","page","type-page","status-publish","hentry"],"yoast_head":"<!-- This site is optimized with the Yoast SEO plugin v19.7.1 - https:\/\/yoast.com\/wordpress\/plugins\/seo\/ -->\n<title>Namaszczenie chorych - Parafia Niepokalanego Pocz\u0119cia Naj\u015bwi\u0119tszej Maryi Panny w Osiecznej<\/title>\n<meta name=\"robots\" content=\"index, follow, max-snippet:-1, max-image-preview:large, max-video-preview:-1\" \/>\n<link rel=\"canonical\" href=\"https:\/\/parafia-osieczna.pl\/?page_id=3386\" \/>\n<meta property=\"og:locale\" content=\"pl_PL\" \/>\n<meta property=\"og:type\" content=\"article\" \/>\n<meta property=\"og:title\" content=\"Namaszczenie chorych - Parafia Niepokalanego Pocz\u0119cia Naj\u015bwi\u0119tszej Maryi Panny w Osiecznej\" \/>\n<meta property=\"og:url\" content=\"https:\/\/parafia-osieczna.pl\/?page_id=3386\" \/>\n<meta property=\"og:site_name\" content=\"Parafia Niepokalanego Pocz\u0119cia Naj\u015bwi\u0119tszej Maryi Panny w Osiecznej\" \/>\n<meta property=\"article:modified_time\" content=\"2023-08-26T18:54:59+00:00\" \/>\n<meta name=\"twitter:card\" content=\"summary_large_image\" \/>\n<meta name=\"twitter:label1\" content=\"Szacowany czas czytania\" \/>\n\t<meta name=\"twitter:data1\" content=\"34 minuty\" \/>\n<script type=\"application\/ld+json\" class=\"yoast-schema-graph\">{\"@context\":\"https:\/\/schema.org\",\"@graph\":[{\"@type\":\"WebPage\",\"@id\":\"https:\/\/parafia-osieczna.pl\/?page_id=3386\",\"url\":\"https:\/\/parafia-osieczna.pl\/?page_id=3386\",\"name\":\"Namaszczenie chorych - Parafia Niepokalanego Pocz\u0119cia Naj\u015bwi\u0119tszej Maryi Panny w Osiecznej\",\"isPartOf\":{\"@id\":\"https:\/\/parafia-osieczna.pl\/#website\"},\"datePublished\":\"2021-11-26T14:37:46+00:00\",\"dateModified\":\"2023-08-26T18:54:59+00:00\",\"breadcrumb\":{\"@id\":\"https:\/\/parafia-osieczna.pl\/?page_id=3386#breadcrumb\"},\"inLanguage\":\"pl-PL\",\"potentialAction\":[{\"@type\":\"ReadAction\",\"target\":[\"https:\/\/parafia-osieczna.pl\/?page_id=3386\"]}]},{\"@type\":\"BreadcrumbList\",\"@id\":\"https:\/\/parafia-osieczna.pl\/?page_id=3386#breadcrumb\",\"itemListElement\":[{\"@type\":\"ListItem\",\"position\":1,\"name\":\"Strona g\u0142\u00f3wna\",\"item\":\"https:\/\/parafia-osieczna.pl\/?page_id=206\"},{\"@type\":\"ListItem\",\"position\":2,\"name\":\"Namaszczenie chorych\"}]},{\"@type\":\"WebSite\",\"@id\":\"https:\/\/parafia-osieczna.pl\/#website\",\"url\":\"https:\/\/parafia-osieczna.pl\/\",\"name\":\"Parafia Niepokalanego Pocz\u0119cia Naj\u015bwi\u0119tszej Maryi Panny w Osiecznej\",\"description\":\"\",\"potentialAction\":[{\"@type\":\"SearchAction\",\"target\":{\"@type\":\"EntryPoint\",\"urlTemplate\":\"https:\/\/parafia-osieczna.pl\/?s={search_term_string}\"},\"query-input\":\"required name=search_term_string\"}],\"inLanguage\":\"pl-PL\"}]}<\/script>\n<!-- \/ Yoast SEO plugin. -->","yoast_head_json":{"title":"Namaszczenie chorych - Parafia Niepokalanego Pocz\u0119cia Naj\u015bwi\u0119tszej Maryi Panny w Osiecznej","robots":{"index":"index","follow":"follow","max-snippet":"max-snippet:-1","max-image-preview":"max-image-preview:large","max-video-preview":"max-video-preview:-1"},"canonical":"https:\/\/parafia-osieczna.pl\/?page_id=3386","og_locale":"pl_PL","og_type":"article","og_title":"Namaszczenie chorych - Parafia Niepokalanego Pocz\u0119cia Naj\u015bwi\u0119tszej Maryi Panny w Osiecznej","og_url":"https:\/\/parafia-osieczna.pl\/?page_id=3386","og_site_name":"Parafia Niepokalanego Pocz\u0119cia Naj\u015bwi\u0119tszej Maryi Panny w Osiecznej","article_modified_time":"2023-08-26T18:54:59+00:00","twitter_card":"summary_large_image","twitter_misc":{"Szacowany czas czytania":"34 minuty"},"schema":{"@context":"https:\/\/schema.org","@graph":[{"@type":"WebPage","@id":"https:\/\/parafia-osieczna.pl\/?page_id=3386","url":"https:\/\/parafia-osieczna.pl\/?page_id=3386","name":"Namaszczenie chorych - Parafia Niepokalanego Pocz\u0119cia Naj\u015bwi\u0119tszej Maryi Panny w Osiecznej","isPartOf":{"@id":"https:\/\/parafia-osieczna.pl\/#website"},"datePublished":"2021-11-26T14:37:46+00:00","dateModified":"2023-08-26T18:54:59+00:00","breadcrumb":{"@id":"https:\/\/parafia-osieczna.pl\/?page_id=3386#breadcrumb"},"inLanguage":"pl-PL","potentialAction":[{"@type":"ReadAction","target":["https:\/\/parafia-osieczna.pl\/?page_id=3386"]}]},{"@type":"BreadcrumbList","@id":"https:\/\/parafia-osieczna.pl\/?page_id=3386#breadcrumb","itemListElement":[{"@type":"ListItem","position":1,"name":"Strona g\u0142\u00f3wna","item":"https:\/\/parafia-osieczna.pl\/?page_id=206"},{"@type":"ListItem","position":2,"name":"Namaszczenie chorych"}]},{"@type":"WebSite","@id":"https:\/\/parafia-osieczna.pl\/#website","url":"https:\/\/parafia-osieczna.pl\/","name":"Parafia Niepokalanego Pocz\u0119cia Naj\u015bwi\u0119tszej Maryi Panny w Osiecznej","description":"","potentialAction":[{"@type":"SearchAction","target":{"@type":"EntryPoint","urlTemplate":"https:\/\/parafia-osieczna.pl\/?s={search_term_string}"},"query-input":"required name=search_term_string"}],"inLanguage":"pl-PL"}]}},"_links":{"self":[{"href":"https:\/\/parafia-osieczna.pl\/index.php?rest_route=\/wp\/v2\/pages\/3386","targetHints":{"allow":["GET"]}}],"collection":[{"href":"https:\/\/parafia-osieczna.pl\/index.php?rest_route=\/wp\/v2\/pages"}],"about":[{"href":"https:\/\/parafia-osieczna.pl\/index.php?rest_route=\/wp\/v2\/types\/page"}],"author":[{"embeddable":true,"href":"https:\/\/parafia-osieczna.pl\/index.php?rest_route=\/wp\/v2\/users\/3"}],"replies":[{"embeddable":true,"href":"https:\/\/parafia-osieczna.pl\/index.php?rest_route=%2Fwp%2Fv2%2Fcomments&post=3386"}],"version-history":[{"count":38,"href":"https:\/\/parafia-osieczna.pl\/index.php?rest_route=\/wp\/v2\/pages\/3386\/revisions"}],"predecessor-version":[{"id":5246,"href":"https:\/\/parafia-osieczna.pl\/index.php?rest_route=\/wp\/v2\/pages\/3386\/revisions\/5246"}],"wp:attachment":[{"href":"https:\/\/parafia-osieczna.pl\/index.php?rest_route=%2Fwp%2Fv2%2Fmedia&parent=3386"}],"curies":[{"name":"wp","href":"https:\/\/api.w.org\/{rel}","templated":true}]}}