{"id":3380,"date":"2021-11-26T15:36:53","date_gmt":"2021-11-26T14:36:53","guid":{"rendered":"https:\/\/faratczew.pl\/?page_id=3380"},"modified":"2023-08-26T20:51:30","modified_gmt":"2023-08-26T18:51:30","slug":"bierzmowanie","status":"publish","type":"page","link":"https:\/\/parafia-osieczna.pl\/?page_id=3380","title":{"rendered":"Bierzmowanie"},"content":{"rendered":"<div class='flex_column av-2m19w4-b5e8594a46141ed848673d6dde83fcf9 av_one_full  avia-builder-el-0  avia-builder-el-no-sibling  first flex_column_div '   ><section  class='av_textblock_section av-kwhwdgnx-4132e412aaf2e46b8302a69323ffde17 '  itemscope=\"itemscope\" itemtype=\"https:\/\/schema.org\/CreativeWork\" ><div class='avia_textblock '  itemprop=\"text\" ><p class=\"has-medium-font-size\">Duch \u015awi\u0119ty, kt\u00f3ry w\u00a0czasie Pi\u0119\u0107dziesi\u0105tnicy nape\u0142ni\u0142 Ko\u015bci\u00f3\u0142 i\u00a0zjednoczy\u0142 uczni\u00f3w Chrystusa, w\u00a0sakramencie bierzmowania udziela swej piecz\u0119ci, charakteru sakramentalnego oraz\u00a0dar\u00f3w jako znaku nieutracalnej przynale\u017cno\u015bci cz\u0142owieka do\u00a0Boga\u00a0\u2013 czytamy w\u00a0dokumentach I Synodu Diecezji Pelpli\u0144skiej.\u00a0Przyj\u0119cie sakramentu bierzmowania jest konieczne jako rozw\u00f3j \u0142aski chrztu, gdy\u017c \u015bci\u015blej \u0142\u0105czy chrze\u015bcijanina z\u00a0Ko\u015bcio\u0142em i\u00a0udziela szczeg\u00f3lnej mocy Ducha \u015awi\u0119tego, aby\u00a0stawa\u0142 si\u0119 rzeczywistym \u015bwiadkiem Chrystusa wyznaj\u0105c wiar\u0119 nie tylko s\u0142owem, ale\u00a0i\u00a0czynem oraz\u00a0broni\u0105c jej w\u00a0\u015bwiecie.<br \/>\nPrzygotowanie do\u00a0bierzmowania dokonuje si\u0119 we wsp\u00f3lnocie parafialnej poprzez systematyczn\u0105 katechez\u0119 kt\u00f3rej celem jest pog\u0142\u0119bienie i\u00a0wzrost \u015bwiadomo\u015bci zjednoczenia osoby z\u00a0Chrystusem, poznanie Ducha \u015awi\u0119tego i\u00a0Jego obecno\u015bci w\u00a0Ko\u015bciele oraz\u00a0podj\u0119cie apostolatu w\u00a0Ko\u015bciele i\u00a0w \u015bwiecie.<br \/>\nKa\u017cdemu przyjmuj\u0105cemu sakrament powinien towarzyszy\u0107 w\u0142asny \u015bwiadek bierzmowania, kt\u00f3rym mo\u017ce by\u0107 jeden z\u00a0chrzestnych lub\u00a0inna osoba, kt\u00f3ra spe\u0142nia wymagania stawiane \u015bwiadkom bierzmowania (zob. kan. 893 i\u00a0874 \u2013 tak jak chrzestni; zawsze winny to by\u0107 osoby doros\u0142e).<br \/>\nSakramentu bierzmowania udziela si\u0119 m\u0142odzie\u017cy klas \u00f3smych szko\u0142y podstawowej. Przygotowanie rozpoczynamy w\u00a0si\u00f3dmej klasie.<\/p>\n<figure class=\"wp-block-embed-youtube wp-block-embed is-type-video is-provider-youtube wp-embed-aspect-16-9 wp-has-aspect-ratio\">\n<div class=\"wp-block-embed__wrapper\">\n<div class=\"fluid-width-video-wrapper\"><iframe id=\"_ytid_63576\" class=\"__youtube_prefs__\" title=\"3MC \u2013 Trzyminutowy Katechizm - 37. Co to jest bierzmowanie?\" src=\"https:\/\/www.youtube.com\/embed\/cTsbuFEV65g?enablejsapi=1&amp;autoplay=0&amp;cc_load_policy=0&amp;iv_load_policy=1&amp;loop=0&amp;modestbranding=0&amp;rel=1&amp;fs=1&amp;playsinline=0&amp;autohide=2&amp;theme=dark&amp;color=red&amp;controls=1&amp;\" allowfullscreen=\"allowfullscreen\" data-origwidth=\"604\" data-origheight=\"340\" data-no-lazy=\"1\" data-skipgform_ajax_framebjll=\"\" data-mce-fragment=\"1\"><\/iframe><\/div>\n<\/div>\n<\/figure>\n<p class=\"has-medium-font-size\"><strong>Kandydaci do bierzmowania rozpoczynaj\u0105cy kurs powinni dostarczy\u0107:<\/strong><\/p>\n<ol>\n<li><strong>\u015awiadectwo chrztu\u00a0<em>(je\u015bli chrzest mia\u0142 miejsce w innej parafii ni\u017c nasza)<\/em><\/strong><em>.<\/em><\/li>\n<li><strong>Podanie podstawowych danych (imi\u0119 i nazwisko kandydata, nr telefonu do rodzic\u00f3w\/opiekun\u00f3w prawnych, nr telefonu kandydata, adres e-mail kandydata lub rodzica\/opiekuna prawnego)<\/strong>.<\/li>\n<li><strong>Pozwolenie od proboszcza na przygotowanie do bierzmowania i przyj\u0119cie tego sakramentu w naszej parafii\u00a0<em>(je\u015bli kandydat nie jest naszym parafianinem\/parafiank\u0105<\/em><\/strong><em>).<\/em><\/li>\n<\/ol>\n<\/div><\/section><\/div>\n","protected":false},"excerpt":{"rendered":"","protected":false},"author":3,"featured_media":0,"parent":0,"menu_order":0,"comment_status":"closed","ping_status":"closed","template":"","meta":{"footnotes":""},"class_list":["post-3380","page","type-page","status-publish","hentry"],"yoast_head":"<!-- This site is optimized with the Yoast SEO plugin v19.7.1 - https:\/\/yoast.com\/wordpress\/plugins\/seo\/ -->\n<title>Bierzmowanie - Parafia Niepokalanego Pocz\u0119cia Naj\u015bwi\u0119tszej Maryi Panny w Osiecznej<\/title>\n<meta name=\"robots\" content=\"index, follow, max-snippet:-1, max-image-preview:large, max-video-preview:-1\" \/>\n<link rel=\"canonical\" href=\"https:\/\/parafia-osieczna.pl\/?page_id=3380\" \/>\n<meta property=\"og:locale\" content=\"pl_PL\" \/>\n<meta property=\"og:type\" content=\"article\" \/>\n<meta property=\"og:title\" content=\"Bierzmowanie - Parafia Niepokalanego Pocz\u0119cia Naj\u015bwi\u0119tszej Maryi Panny w Osiecznej\" \/>\n<meta property=\"og:url\" content=\"https:\/\/parafia-osieczna.pl\/?page_id=3380\" \/>\n<meta property=\"og:site_name\" content=\"Parafia Niepokalanego Pocz\u0119cia Naj\u015bwi\u0119tszej Maryi Panny w Osiecznej\" \/>\n<meta property=\"article:modified_time\" content=\"2023-08-26T18:51:30+00:00\" \/>\n<meta name=\"twitter:card\" content=\"summary_large_image\" \/>\n<meta name=\"twitter:label1\" content=\"Szacowany czas czytania\" \/>\n\t<meta name=\"twitter:data1\" content=\"5 minut\" \/>\n<script type=\"application\/ld+json\" class=\"yoast-schema-graph\">{\"@context\":\"https:\/\/schema.org\",\"@graph\":[{\"@type\":\"WebPage\",\"@id\":\"https:\/\/parafia-osieczna.pl\/?page_id=3380\",\"url\":\"https:\/\/parafia-osieczna.pl\/?page_id=3380\",\"name\":\"Bierzmowanie - Parafia Niepokalanego Pocz\u0119cia Naj\u015bwi\u0119tszej Maryi Panny w Osiecznej\",\"isPartOf\":{\"@id\":\"https:\/\/parafia-osieczna.pl\/#website\"},\"datePublished\":\"2021-11-26T14:36:53+00:00\",\"dateModified\":\"2023-08-26T18:51:30+00:00\",\"breadcrumb\":{\"@id\":\"https:\/\/parafia-osieczna.pl\/?page_id=3380#breadcrumb\"},\"inLanguage\":\"pl-PL\",\"potentialAction\":[{\"@type\":\"ReadAction\",\"target\":[\"https:\/\/parafia-osieczna.pl\/?page_id=3380\"]}]},{\"@type\":\"BreadcrumbList\",\"@id\":\"https:\/\/parafia-osieczna.pl\/?page_id=3380#breadcrumb\",\"itemListElement\":[{\"@type\":\"ListItem\",\"position\":1,\"name\":\"Strona g\u0142\u00f3wna\",\"item\":\"https:\/\/parafia-osieczna.pl\/?page_id=206\"},{\"@type\":\"ListItem\",\"position\":2,\"name\":\"Bierzmowanie\"}]},{\"@type\":\"WebSite\",\"@id\":\"https:\/\/parafia-osieczna.pl\/#website\",\"url\":\"https:\/\/parafia-osieczna.pl\/\",\"name\":\"Parafia Niepokalanego Pocz\u0119cia Naj\u015bwi\u0119tszej Maryi Panny w Osiecznej\",\"description\":\"\",\"potentialAction\":[{\"@type\":\"SearchAction\",\"target\":{\"@type\":\"EntryPoint\",\"urlTemplate\":\"https:\/\/parafia-osieczna.pl\/?s={search_term_string}\"},\"query-input\":\"required name=search_term_string\"}],\"inLanguage\":\"pl-PL\"}]}<\/script>\n<!-- \/ Yoast SEO plugin. -->","yoast_head_json":{"title":"Bierzmowanie - Parafia Niepokalanego Pocz\u0119cia Naj\u015bwi\u0119tszej Maryi Panny w Osiecznej","robots":{"index":"index","follow":"follow","max-snippet":"max-snippet:-1","max-image-preview":"max-image-preview:large","max-video-preview":"max-video-preview:-1"},"canonical":"https:\/\/parafia-osieczna.pl\/?page_id=3380","og_locale":"pl_PL","og_type":"article","og_title":"Bierzmowanie - Parafia Niepokalanego Pocz\u0119cia Naj\u015bwi\u0119tszej Maryi Panny w Osiecznej","og_url":"https:\/\/parafia-osieczna.pl\/?page_id=3380","og_site_name":"Parafia Niepokalanego Pocz\u0119cia Naj\u015bwi\u0119tszej Maryi Panny w Osiecznej","article_modified_time":"2023-08-26T18:51:30+00:00","twitter_card":"summary_large_image","twitter_misc":{"Szacowany czas czytania":"5 minut"},"schema":{"@context":"https:\/\/schema.org","@graph":[{"@type":"WebPage","@id":"https:\/\/parafia-osieczna.pl\/?page_id=3380","url":"https:\/\/parafia-osieczna.pl\/?page_id=3380","name":"Bierzmowanie - Parafia Niepokalanego Pocz\u0119cia Naj\u015bwi\u0119tszej Maryi Panny w Osiecznej","isPartOf":{"@id":"https:\/\/parafia-osieczna.pl\/#website"},"datePublished":"2021-11-26T14:36:53+00:00","dateModified":"2023-08-26T18:51:30+00:00","breadcrumb":{"@id":"https:\/\/parafia-osieczna.pl\/?page_id=3380#breadcrumb"},"inLanguage":"pl-PL","potentialAction":[{"@type":"ReadAction","target":["https:\/\/parafia-osieczna.pl\/?page_id=3380"]}]},{"@type":"BreadcrumbList","@id":"https:\/\/parafia-osieczna.pl\/?page_id=3380#breadcrumb","itemListElement":[{"@type":"ListItem","position":1,"name":"Strona g\u0142\u00f3wna","item":"https:\/\/parafia-osieczna.pl\/?page_id=206"},{"@type":"ListItem","position":2,"name":"Bierzmowanie"}]},{"@type":"WebSite","@id":"https:\/\/parafia-osieczna.pl\/#website","url":"https:\/\/parafia-osieczna.pl\/","name":"Parafia Niepokalanego Pocz\u0119cia Naj\u015bwi\u0119tszej Maryi Panny w Osiecznej","description":"","potentialAction":[{"@type":"SearchAction","target":{"@type":"EntryPoint","urlTemplate":"https:\/\/parafia-osieczna.pl\/?s={search_term_string}"},"query-input":"required name=search_term_string"}],"inLanguage":"pl-PL"}]}},"_links":{"self":[{"href":"https:\/\/parafia-osieczna.pl\/index.php?rest_route=\/wp\/v2\/pages\/3380","targetHints":{"allow":["GET"]}}],"collection":[{"href":"https:\/\/parafia-osieczna.pl\/index.php?rest_route=\/wp\/v2\/pages"}],"about":[{"href":"https:\/\/parafia-osieczna.pl\/index.php?rest_route=\/wp\/v2\/types\/page"}],"author":[{"embeddable":true,"href":"https:\/\/parafia-osieczna.pl\/index.php?rest_route=\/wp\/v2\/users\/3"}],"replies":[{"embeddable":true,"href":"https:\/\/parafia-osieczna.pl\/index.php?rest_route=%2Fwp%2Fv2%2Fcomments&post=3380"}],"version-history":[{"count":35,"href":"https:\/\/parafia-osieczna.pl\/index.php?rest_route=\/wp\/v2\/pages\/3380\/revisions"}],"predecessor-version":[{"id":5242,"href":"https:\/\/parafia-osieczna.pl\/index.php?rest_route=\/wp\/v2\/pages\/3380\/revisions\/5242"}],"wp:attachment":[{"href":"https:\/\/parafia-osieczna.pl\/index.php?rest_route=%2Fwp%2Fv2%2Fmedia&parent=3380"}],"curies":[{"name":"wp","href":"https:\/\/api.w.org\/{rel}","templated":true}]}}